{"id":16,"date":"2024-01-29T16:48:23","date_gmt":"2024-01-29T16:48:23","guid":{"rendered":"https:\/\/startersites.io\/blocksy\/smile-dent\/?page_id=16"},"modified":"2025-09-26T20:34:38","modified_gmt":"2025-09-26T20:34:38","slug":"contact","status":"publish","type":"page","link":"http:\/\/crownenglish.pl\/index.php\/contact\/","title":{"rendered":"Kontakt"},"content":{"rendered":"\n<h1 id=\"gspb_heading-id-gsbp-3a90ddf\" class=\"gspb_heading gspb_heading-id-gsbp-3a90ddf \">Tutaj nas znajdziesz!<\/h1>\n\n\n<div class=\"gspb_id-gsbp-64c616d wp-block-greenshift-blocks-map\"><div data-key=\"gspb_id_gsbp_64c616d\" class=\"gspb_map-wrapper gspb_osmap\" id=\"gspb_map-gsbp-64c616d\"><\/div><\/div>\n\n\n<div class=\"wp-block-greenshift-blocks-container gspb_container gspb_container-gsbp-134446f\" id=\"gspb_container-id-gsbp-134446f\">\n<div class=\"wp-block-greenshift-blocks-row gspb_row gspb_row-id-gsbp-6e2e20b gspb_row--gutter-custom-0\" id=\"gspb_row-id-gsbp-6e2e20b\"><div class=\"gspb_row__content\"> \n<div class=\"wp-block-greenshift-blocks-row-column gspb_row__col--4 gspb_row__col--md-12 gspb_col-id-gsbp-cb4d77e\" id=\"gspb_col-id-gsbp-cb4d77e\">\n<div class=\"wp-block-greenshift-blocks-iconbox gspb_iconBox gspb_iconBox-id-gsbp-45dde79\" id=\"gspb_iconBox-id-gsbp-45dde79\"><div class=\"gspb_iconBox__wrapper\" style=\"display:inline-flex\"><svg class=\"\" style=\"display:inline-block;vertical-align:middle\" width=\"72\" height=\"72\" viewBox=\"0 0 1024 1024\" xmlns=\"http:\/\/www.w3.org\/2000\/svg\"><path style=\"fill:#565D66\" d=\"M953 45.8l-188.4-43.4c-43.2-10-87.2 12.4-104.6 53.2l-87 203c-16 37.2-5.2 81.2 26.2 106.8l80 65.4c-57.2 104.8-143.6 191.2-248.4 248.2l-65.4-80c-25.6-31.4-69.6-42.2-106.8-26.2l-203.2 87c-40.8 17.4-63 61.4-53.2 104.6l43.4 188.4c9.6 41.8 46.4 71 89.2 71 489.8 0.2 889.2-396.4 889.2-888.8 0-42.8-29.2-79.6-71-89.2zM138.6 928l-41.8-181.4 196.4-84.2 111.4 136.2c197.6-92.8 301.2-196 394-394l-136.2-111.4 84.2-196.4 181.4 41.8c-2 435.2-354.2 787.4-789.4 789.4z\"><\/path><\/svg><\/div><\/div>\n\n\n\n<h2 id=\"gspb_heading-id-gsbp-ffac296\" class=\"gspb_heading gspb_heading-id-gsbp-ffac296 \">Zadzwo\u0144<\/h2>\n\n\n\n<div id=\"gspb_text-id-gsbp-796777c\" class=\"gspb_text gspb_text-id-gsbp-796777c \"><a href=\"https:\/\/www.google.com\/search?q=crown+english+wielun&amp;sourceid=chrome&amp;ie=UTF-8#\" target=\"_blank\" rel=\"noopener\">791 303 470<\/a><\/div>\n<\/div>\n\n\n\n<div class=\"wp-block-greenshift-blocks-row-column gspb_row__col--4 gspb_row__col--md-12 gspb_col-id-gsbp-fcebc9d\" id=\"gspb_col-id-gsbp-fcebc9d\">\n<div class=\"wp-block-greenshift-blocks-iconbox gspb_iconBox gspb_iconBox-id-gsbp-58affeb\" id=\"gspb_iconBox-id-gsbp-58affeb\"><div class=\"gspb_iconBox__wrapper\" style=\"display:inline-flex\"><svg class=\"\" style=\"display:inline-block;vertical-align:middle\" width=\"72\" height=\"72\" viewBox=\"0 0 1024 1024\" xmlns=\"http:\/\/www.w3.org\/2000\/svg\"><path style=\"fill:#565D66\" d=\"M928 128h-832c-53 0-96 43-96 96v576c0 53 43 96 96 96h832c53 0 96-43 96-96v-576c0-53-43-96-96-96zM96 192h832c17.6 0 32 14.4 32 32v82.8c-43.8 37-106.4 88-301.2 242.6-33.8 26.8-100.4 91.4-146.8 90.6-46.4 0.8-113.2-63.8-146.8-90.6-194.8-154.6-257.4-205.6-301.2-242.6v-82.8c0-17.6 14.4-32 32-32zM928 832h-832c-17.6 0-32-14.4-32-32v-410c45.6 37.4 117.6 95.2 261.4 209.4 41 32.8 113.4 105 186.6 104.6 72.8 0.6 144.6-71 186.6-104.6 143.8-114.2 215.8-172 261.4-209.4v410c0 17.6-14.4 32-32 32z\"><\/path><\/svg><\/div><\/div>\n\n\n\n<h2 id=\"gspb_heading-id-gsbp-9d2c756\" class=\"gspb_heading gspb_heading-id-gsbp-9d2c756 \">Wy\u015blij wiadomo\u015b\u0107<\/h2>\n\n\n\n<div id=\"gspb_text-id-gsbp-0622950\" class=\"gspb_text gspb_text-id-gsbp-0622950 \">crownenglish@yahoo.com<\/div>\n<\/div>\n\n\n\n<div class=\"wp-block-greenshift-blocks-row-column gspb_row__col--4 gspb_row__col--md-12 gspb_col-id-gsbp-a3bd035\" id=\"gspb_col-id-gsbp-a3bd035\">\n<div class=\"wp-block-greenshift-blocks-iconbox gspb_iconBox gspb_iconBox-id-gsbp-faab874\" id=\"gspb_iconBox-id-gsbp-faab874\"><div class=\"gspb_iconBox__wrapper\" style=\"display:inline-flex\"><svg class=\"\" style=\"display:inline-block;vertical-align:middle\" width=\"72\" height=\"72\" viewBox=\"0 0 768 1024\" xmlns=\"http:\/\/www.w3.org\/2000\/svg\"><path style=\"fill:#565D66\" d=\"M384 192c-105.87 0-192 86.13-192 192s86.13 192 192 192 192-86.13 192-192-86.13-192-192-192zM384 512c-70.58 0-128-57.42-128-128s57.42-128 128-128 128 57.42 128 128-57.42 128-128 128zM384 0c-212.078 0-384 171.922-384 384 0 154.826 53.94 198.062 344.536 619.34 19.068 27.544 59.858 27.548 78.93 0 290.594-421.278 344.534-464.514 344.534-619.34 0-212.078-171.922-384-384-384zM384 947.862c-278.59-402.886-320-434.874-320-563.862 0-85.476 33.286-165.834 93.726-226.274s140.798-93.726 226.274-93.726 165.834 33.286 226.274 93.726 93.726 140.798 93.726 226.274c0 128.98-41.384 160.94-320 563.862z\"><\/path><\/svg><\/div><\/div>\n\n\n\n<h2 id=\"gspb_heading-id-gsbp-067cb2d\" class=\"gspb_heading gspb_heading-id-gsbp-067cb2d \">Lokalizacja<\/h2>\n\n\n\n<div id=\"gspb_text-id-gsbp-e5fdfb2\" class=\"gspb_text gspb_text-id-gsbp-e5fdfb2 \"><a href=\"https:\/\/www.google.com\/maps\/place\/\/data=!4m2!3m1!1s0x471081d3e190e989:0x6df899acc1075e63?sa=X&amp;ved=1t:8290&amp;ictx=111\" target=\"_blank\" rel=\"noopener\">8, 38, Osiedle Stare Sady 8, 98-300 Wielu\u0144<\/a><br><\/div>\n<\/div>\n <\/div><\/div>\n<\/div>\n","protected":false},"excerpt":{"rendered":"","protected":false},"author":1,"featured_media":0,"parent":0,"menu_order":0,"comment_status":"closed","ping_status":"closed","template":"","meta":{"_gspb_post_css":"#gspb_heading-id-gsbp-3a90ddf{font-size:40px;text-align:center!important}#gspb_heading-id-gsbp-3a90ddf .gsap-g-line{text-align:center!important}@media (max-width:991.98px){#gspb_heading-id-gsbp-3a90ddf,#gspb_heading-id-gsbp-3a90ddf .gsap-g-line{text-align:center!important}}#gspb_heading-id-gsbp-3a90ddf{margin-top:40px;margin-bottom:5px}#gspb_row-id-gsbp-6e2e20b{justify-content:space-between;margin-top:0;display:flex;flex-wrap:wrap;margin-bottom:120px}#gspb_row-id-gsbp-6e2e20b>.gspb_row__content{display:flex;justify-content:space-between;margin:0 auto;width:100%;flex-wrap:wrap}.gspb_row{position:relative}div[id^=gspb_col-id]{box-sizing:border-box;position:relative;padding:var(--gs-row-column-padding, 15px min(3vw, 20px))}@media (max-width:991.98px){#gspb_row-id-gsbp-6e2e20b>.gspb_row__content{row-gap:80px}}@media (max-width:575.98px){#gspb_row-id-gsbp-6e2e20b>.gspb_row__content{row-gap:60px}}body.gspb-bodyfront #gspb_row-id-gsbp-6e2e20b>.gspb_row__content{width:var(--theme-container-width, 1200px);max-width:var(--theme-normal-container-max-width, 1200px)}@media (max-width:991.98px){#gspb_row-id-gsbp-6e2e20b{margin-bottom:80px}}@media (max-width:575.98px){#gspb_row-id-gsbp-6e2e20b{margin-bottom:60px}}#gspb_col-id-gsbp-cb4d77e.gspb_row__col--4{width:calc(33.333333333333336% - 40px)}@media (max-width:991.98px){#gspb_col-id-gsbp-cb4d77e.gspb_row__col--4{width:100%}}@media (max-width:767.98px){#gspb_col-id-gsbp-cb4d77e.gspb_row__col--4{width:calc(100% - 40px)}}@media (max-width:575.98px){#gspb_col-id-gsbp-cb4d77e.gspb_row__col--4{width:100%}}.gspb_row #gspb_col-id-gsbp-cb4d77e.gspb_row__col--4{padding:60px}@media (max-width:991.98px){.gspb_row #gspb_col-id-gsbp-cb4d77e.gspb_row__col--4{padding:50px}}@media (max-width:575.98px){.gspb_row #gspb_col-id-gsbp-cb4d77e.gspb_row__col--4{padding:35px}}#gspb_col-id-gsbp-cb4d77e.gspb_row__col--4{background-color:var(--wp--preset--color--palette-color-9, var(--theme-palette-color-9, #FFE8DA))}#gspb_col-id-gsbp-cb4d77e.gspb_row__col--4,#gspb_col-id-gsbp-cb4d77e.gspb_row__col--4>.gspb_backgroundOverlay{border-top-left-radius:40px;border-top-right-radius:40px;border-bottom-right-radius:40px;border-bottom-left-radius:40px}#gspb_iconBox-id-gsbp-45dde79 svg{height:30px!important;width:30px!important;min-width:30px!important;margin:0!important;transform:rotateY(180deg)}#gspb_iconBox-id-gsbp-45dde79{justify-content:center;display:flex}@media (max-width:991.98px){#gspb_iconBox-id-gsbp-45dde79{justify-content:center}}#gspb_iconBox-id-gsbp-45dde79 svg,#gspb_iconBox-id-gsbp-45dde79 svg path,#gspb_iconBox-id-gsbp-45dde79 svg:hover,#gspb_iconBox-id-gsbp-45dde79 svg:hover path{fill:var(--theme-link-initial-color, #2184f9)!important}#gspb_iconBox-id-gsbp-45dde79 .gspb_iconBox__wrapper{margin-top:0;margin-bottom:15px}#gspb_heading-id-gsbp-ffac296{font-size:20px;text-align:center!important}#gspb_heading-id-gsbp-ffac296 .gsap-g-line,.gspb_text-id-gsbp-796777c,.gspb_text-id-gsbp-796777c .gsap-g-line{text-align:center!important}@media (max-width:991.98px){#gspb_heading-id-gsbp-ffac296,#gspb_heading-id-gsbp-ffac296 .gsap-g-line{text-align:center!important}}#gspb_heading-id-gsbp-ffac296{margin-top:0;margin-bottom:5px}@media (max-width:991.98px){.gspb_text-id-gsbp-796777c,.gspb_text-id-gsbp-796777c .gsap-g-line{text-align:center!important}}.gspb_text-id-gsbp-796777c{color:var(--wp--preset--color--palette-color-2, var(--theme-palette-color-2, #24417C));margin-bottom:50px!important}#gspb_iconBox-id-gsbp-58affeb{align-items:center;justify-content:center;display:flex}@media (max-width:991.98px){#gspb_iconBox-id-gsbp-58affeb{justify-content:center}}#gspb_iconBox-id-gsbp-58affeb svg,#gspb_iconBox-id-gsbp-58affeb svg path,#gspb_iconBox-id-gsbp-58affeb svg:hover,#gspb_iconBox-id-gsbp-58affeb svg:hover path{fill:var(--theme-link-initial-color, #2184f9)!important}#gspb_iconBox-id-gsbp-58affeb .gspb_iconBox__wrapper{margin-top:0;margin-bottom:15px}#gspb_heading-id-gsbp-9d2c756{font-size:20px;text-align:center!important}#gspb_heading-id-gsbp-9d2c756 .gsap-g-line,.gspb_text-id-gsbp-0622950,.gspb_text-id-gsbp-0622950 .gsap-g-line{text-align:center!important}@media (max-width:991.98px){#gspb_heading-id-gsbp-9d2c756,#gspb_heading-id-gsbp-9d2c756 .gsap-g-line{text-align:center!important}}#gspb_heading-id-gsbp-9d2c756{margin-top:0;margin-bottom:5px}@media (max-width:991.98px){.gspb_text-id-gsbp-0622950,.gspb_text-id-gsbp-0622950 .gsap-g-line{text-align:center!important}}.gspb_text-id-gsbp-0622950{color:var(--wp--preset--color--palette-color-2, var(--theme-palette-color-2, #24417C));margin-bottom:50px!important}#gspb_iconBox-id-gsbp-58affeb svg,#gspb_iconBox-id-gsbp-faab874 svg{height:30px!important;width:30px!important;min-width:30px!important;margin:0!important;transform:rotateY(180deg)}#gspb_iconBox-id-gsbp-faab874{align-items:center;justify-content:center;display:flex}@media (max-width:991.98px){#gspb_iconBox-id-gsbp-faab874{justify-content:center}}#gspb_iconBox-id-gsbp-faab874 svg,#gspb_iconBox-id-gsbp-faab874 svg path,#gspb_iconBox-id-gsbp-faab874 svg:hover,#gspb_iconBox-id-gsbp-faab874 svg:hover path{fill:var(--theme-link-initial-color, #2184f9)!important}#gspb_iconBox-id-gsbp-faab874 .gspb_iconBox__wrapper{margin-top:0;margin-bottom:15px}#gspb_heading-id-gsbp-067cb2d{font-size:20px;text-align:center!important}#gspb_heading-id-gsbp-067cb2d .gsap-g-line,.gspb_text-id-gsbp-e5fdfb2,.gspb_text-id-gsbp-e5fdfb2 .gsap-g-line{text-align:center!important}@media (max-width:991.98px){#gspb_heading-id-gsbp-067cb2d,#gspb_heading-id-gsbp-067cb2d .gsap-g-line{text-align:center!important}}#gspb_heading-id-gsbp-067cb2d{margin-top:0;margin-bottom:5px}@media (max-width:991.98px){.gspb_text-id-gsbp-e5fdfb2,.gspb_text-id-gsbp-e5fdfb2 .gsap-g-line{text-align:center!important}}.gspb_text-id-gsbp-e5fdfb2{color:var(--wp--preset--color--palette-color-2, var(--theme-palette-color-2, #24417C))}.gspb_id-gsbp-64c616d{display:flex;overflow:hidden;border-top-left-radius:25px;border-top-right-radius:25px;border-bottom-right-radius:25px;border-bottom-left-radius:25px}.gspb_id-gsbp-64c616d .gspb_map-wrapper{width:100%;height:400px;isolation:isolate}.gspb_container-id-gsbp-134446f{flex-direction:column;box-sizing:border-box}#gspb_container-id-gsbp-134446f.gspb_container>p:last-of-type{margin-bottom:0}#gspb_container-id-gsbp-134446f.gspb_container{position:relative}#gspb_col-id-gsbp-fcebc9d.gspb_row__col--4{width:calc(33.333333333333336% - 40px)}@media (max-width:991.98px){#gspb_col-id-gsbp-fcebc9d.gspb_row__col--4{width:100%}}@media (max-width:767.98px){#gspb_col-id-gsbp-fcebc9d.gspb_row__col--4{width:calc(100% - 40px)}}@media (max-width:575.98px){#gspb_col-id-gsbp-fcebc9d.gspb_row__col--4{width:100%}}.gspb_row #gspb_col-id-gsbp-fcebc9d.gspb_row__col--4{padding:60px}@media (max-width:991.98px){.gspb_row #gspb_col-id-gsbp-fcebc9d.gspb_row__col--4{padding:50px}}@media (max-width:575.98px){.gspb_row #gspb_col-id-gsbp-fcebc9d.gspb_row__col--4{padding:35px}}#gspb_col-id-gsbp-fcebc9d.gspb_row__col--4{background-color:var(--wp--preset--color--palette-color-9, var(--theme-palette-color-9, #FFE8DA))}#gspb_col-id-gsbp-fcebc9d.gspb_row__col--4,#gspb_col-id-gsbp-fcebc9d.gspb_row__col--4>.gspb_backgroundOverlay{border-top-left-radius:40px;border-top-right-radius:40px;border-bottom-right-radius:40px;border-bottom-left-radius:40px}#gspb_col-id-gsbp-a3bd035.gspb_row__col--4{width:calc(33.333333333333336% - 40px)}@media (max-width:991.98px){#gspb_col-id-gsbp-a3bd035.gspb_row__col--4{width:100%}}@media (max-width:767.98px){#gspb_col-id-gsbp-a3bd035.gspb_row__col--4{width:calc(100% - 40px)}}@media (max-width:575.98px){#gspb_col-id-gsbp-a3bd035.gspb_row__col--4{width:100%}}.gspb_row #gspb_col-id-gsbp-a3bd035.gspb_row__col--4{padding:60px}@media (max-width:991.98px){.gspb_row #gspb_col-id-gsbp-a3bd035.gspb_row__col--4{padding:50px}}@media (max-width:575.98px){.gspb_row #gspb_col-id-gsbp-a3bd035.gspb_row__col--4{padding:35px}}#gspb_col-id-gsbp-a3bd035.gspb_row__col--4{background-color:var(--wp--preset--color--palette-color-9, var(--theme-palette-color-9, #FFE8DA))}#gspb_col-id-gsbp-a3bd035.gspb_row__col--4,#gspb_col-id-gsbp-a3bd035.gspb_row__col--4>.gspb_backgroundOverlay{border-top-left-radius:40px;border-top-right-radius:40px;border-bottom-right-radius:40px;border-bottom-left-radius:40px}","footnotes":""},"class_list":["post-16","page","type-page","status-publish","hentry"],"blocksy_meta":{"has_hero_section":"disabled","vertical_spacing_source":"custom","content_area_spacing":"none","styles_descriptor":{"styles":{"desktop":"","tablet":"","mobile":""},"google_fonts":[],"version":6}},"_links":{"self":[{"href":"http:\/\/crownenglish.pl\/index.php\/wp-json\/wp\/v2\/pages\/16","targetHints":{"allow":["GET"]}}],"collection":[{"href":"http:\/\/crownenglish.pl\/index.php\/wp-json\/wp\/v2\/pages"}],"about":[{"href":"http:\/\/crownenglish.pl\/index.php\/wp-json\/wp\/v2\/types\/page"}],"author":[{"embeddable":true,"href":"http:\/\/crownenglish.pl\/index.php\/wp-json\/wp\/v2\/users\/1"}],"replies":[{"embeddable":true,"href":"http:\/\/crownenglish.pl\/index.php\/wp-json\/wp\/v2\/comments?post=16"}],"version-history":[{"count":7,"href":"http:\/\/crownenglish.pl\/index.php\/wp-json\/wp\/v2\/pages\/16\/revisions"}],"predecessor-version":[{"id":854,"href":"http:\/\/crownenglish.pl\/index.php\/wp-json\/wp\/v2\/pages\/16\/revisions\/854"}],"wp:attachment":[{"href":"http:\/\/crownenglish.pl\/index.php\/wp-json\/wp\/v2\/media?parent=16"}],"curies":[{"name":"wp","href":"https:\/\/api.w.org\/{rel}","templated":true}]}}