{"id":607,"date":"2024-10-10T17:07:04","date_gmt":"2024-10-10T17:07:04","guid":{"rendered":"https:\/\/crownenglish.pl\/?page_id=607"},"modified":"2025-09-26T20:26:42","modified_gmt":"2025-09-26T20:26:42","slug":"oferta","status":"publish","type":"page","link":"http:\/\/crownenglish.pl\/index.php\/oferta\/","title":{"rendered":"Oferta"},"content":{"rendered":"\n<div class=\"wp-block-greenshift-blocks-row gspb_row gspb_row-id-gsbp-2245eb0\" id=\"gspb_row-id-gsbp-2245eb0\"><div class=\"gspb_row__content\"> \n<div class=\"wp-block-greenshift-blocks-row-column gspb_row__col--6 gspb_col-id-gsbp-eab0978\" id=\"gspb_col-id-gsbp-eab0978\">\n<p>W mojej szkole oferuj\u0119 kursy j\u0119zykowe na wszystkich poziomach zaawansowania. <strong>Pos\u0142ugujemy si\u0119 skal\u0105 Cambridge<\/strong>, wi\u0119c m\u0142odsze dzieci zaczynaj\u0105 od angielskiego podstawowego, a nast\u0119pnie przechodz\u0105 przez kolejne poziomy od <strong>A1 do C2<\/strong>.<\/p>\n\n\n\n<p><strong>Czas zaj\u0119\u0107 jest uzale\u017cniony od grupy, do kt\u00f3rej ucze\u0144 zostaje przyj\u0119ty.<\/strong> Obecnie wi\u0119kszo\u015b\u0107 uczni\u00f3w ma zaj\u0119cia trwaj\u0105ce 90 minut, raz w tygodniu, natomiast najbardziej zaawansowana grupa \u2013 120 minut tygodniowo. S\u0105 r\u00f3wnie\u017c dzieci, kt\u00f3re dopiero zaczynaj\u0105 nauk\u0119 angielskiego; ich zaj\u0119cia trwaj\u0105 60 minut, raz w tygodniu.<\/p>\n\n\n\n<p><strong>Zapraszamy dzieci ju\u017c od 6. roku \u017cycia.<\/strong><\/p>\n\n\n\n<p><strong>Oferuj\u0119 tak\u017ce kursy dla doros\u0142ych<\/strong>, zar\u00f3wno dla pocz\u0105tkuj\u0105cych, jak i bardziej zaawansowanych. Staram si\u0119 dostosowa\u0107 tematyk\u0119 zaj\u0119\u0107 do potrzeb uczestnik\u00f3w, dlatego prowadz\u0119 kursy obejmuj\u0105ce angielski potrzebny w pracy zawodowej oraz angielski przydatny na przyk\u0142ad na wakacjach czy wyjazdach s\u0142u\u017cbowych. <strong>Zaj\u0119cia dla doros\u0142ych odbywaj\u0105 si\u0119 raz w tygodniu i trwaj\u0105 60 minut.<\/strong><br><\/p>\n\n\n\n<div class=\"wp-block-greenshift-blocks-container gspb_container gspb_container-gsbp-717a492\" id=\"gspb_container-id-gsbp-717a492\">\n<h4 id=\"gspb_heading-id-gsbp-f3554b4\" class=\"gspb_heading gspb_heading-id-gsbp-f3554b4 \">Cennik<\/h4>\n\n\n\n<figure class=\"wp-block-table alignfull\"><table class=\"has-fixed-layout\"><thead><tr><th class=\"has-text-align-left\" data-align=\"left\">Rodzaj kursu<\/th><th class=\"has-text-align-left\" data-align=\"left\">Cena za miesi\u0105c<\/th><\/tr><\/thead><tbody><tr><td class=\"has-text-align-left\" data-align=\"left\">60 min \/ tydzie\u0144<\/td><td class=\"has-text-align-left\" data-align=\"left\">193 PLN<\/td><\/tr><tr><td class=\"has-text-align-left\" data-align=\"left\">90 min \/ tydzie\u0144<\/td><td class=\"has-text-align-left\" data-align=\"left\">285 PLN<\/td><\/tr><tr><td class=\"has-text-align-left\" data-align=\"left\">120 min \/ tydzie\u0144<\/td><td class=\"has-text-align-left\" data-align=\"left\">380 PLN<\/td><\/tr><\/tbody><\/table><\/figure>\n<\/div>\n<\/div>\n\n\n\n<div class=\"wp-block-greenshift-blocks-row-column gspb_row__col--6 gspb_col-id-gsbp-c03e465\" id=\"gspb_col-id-gsbp-c03e465\">\n<div class=\"wp-block-greenshift-blocks-image gspb_image gspb_image-id-gsbp-83a36b8\" id=\"gspb_image-id-gsbp-83a36b8\"><img decoding=\"async\" src=\"http:\/\/crownenglish.pl\/wp-content\/uploads\/2024\/10\/WhatsApp-Image-2024-10-13-at-14.17.01-5.jpg\" data-src=\"\" alt=\"\" loading=\"lazy\" width=\"900\" height=\"1123\"\/><\/div>\n<\/div>\n <\/div><\/div>\n\n\n\n<h4 id=\"gspb_heading-id-gsbp-f88c352\" class=\"gspb_heading gspb_heading-id-gsbp-f88c352 \">P\u0142atno\u015b\u0107<\/h4>\n\n\n\n<p>W mojej szkole k\u0142adziemy szczeg\u00f3lny nacisk na konwersacje i rozumienie ze s\u0142uchu, cho\u0107 korzystamy tak\u017ce z podr\u0119cznik\u00f3w i innych materia\u0142\u00f3w pomocniczych. Ich koszt jest wliczony w cen\u0119 kursu. <strong>Op\u0142aty za nauk\u0119 rozk\u0142adamy na 10 r\u00f3wnych rat miesi\u0119cznych<\/strong>, p\u0142atnych do 12. dnia ka\u017cdego miesi\u0105ca (od wrze\u015bnia do czerwca).<\/p>\n\n\n\n<hr class=\"wp-block-separator has-alpha-channel-opacity\"\/>\n\n\n\n<p>W przypadku firm i szkole\u0144 specjalistycznych ceny ustalane s\u0105 indywidualnie po uprzednim kontakcie.<\/p>\n\n\n\n<p>Przy zapisie pobierana jest kaucja rezerwacyjna w wysoko\u015bci 150 PLN, kt\u00f3ra jest zwracana po zako\u0144czeniu nauki.<\/p>\n\n\n\n<p><\/p>\n","protected":false},"excerpt":{"rendered":"<p>W mojej szkole k\u0142adziemy szczeg\u00f3lny nacisk na konwersacje i rozumienie ze s\u0142uchu, cho\u0107 korzystamy tak\u017ce z podr\u0119cznik\u00f3w i innych materia\u0142\u00f3w pomocniczych. Ich koszt jest wliczony w cen\u0119 kursu. Op\u0142aty za nauk\u0119 rozk\u0142adamy na 10 r\u00f3wnych rat miesi\u0119cznych, p\u0142atnych do 12. dnia ka\u017cdego miesi\u0105ca (od wrze\u015bnia do czerwca). W przypadku firm i szkole\u0144 specjalistycznych ceny ustalane [&hellip;]<\/p>\n","protected":false},"author":1,"featured_media":0,"parent":0,"menu_order":0,"comment_status":"closed","ping_status":"closed","template":"","meta":{"_gspb_post_css":"#gspb_row-id-gsbp-2245eb0{justify-content:space-between;margin-top:0;margin-bottom:0;display:flex;flex-wrap:wrap}#gspb_row-id-gsbp-2245eb0>.gspb_row__content{display:flex;justify-content:space-between;margin:0 auto;width:100%;flex-wrap:wrap}.gspb_row{position:relative}div[id^=gspb_col-id]{box-sizing:border-box;position:relative;padding:var(--gs-row-column-padding, 15px min(3vw, 20px))}body.gspb-bodyfront #gspb_row-id-gsbp-2245eb0>.gspb_row__content{width:var(--theme-container-width, 1200px);max-width:var(--theme-normal-container-max-width, 1200px)}#gspb_col-id-gsbp-eab0978.gspb_row__col--6{width:50%}@media (max-width:575.98px){#gspb_col-id-gsbp-eab0978.gspb_row__col--6{width:100%}}body #gspb_col-id-gsbp-eab0978.gspb_row__col--6{display:flex;flex-direction:column;justify-content:center;align-content:center}.gspb_container-id-gsbp-717a492{flex-direction:column;box-sizing:border-box}#gspb_container-id-gsbp-717a492.gspb_container>p:last-of-type{margin-bottom:0}#gspb_container-id-gsbp-717a492.gspb_container{position:relative;display:flex;flex-direction:column;justify-content:center;align-content:flex-end;margin-top:20px;padding:20px 40px;background-color:var(--wp--preset--color--palette-color-6, var(--theme-palette-color-6, #F3F5F7))}body.gspb-bodyfront #gspb_container-id-gsbp-717a492.gspb_container{align-self:center}#gspb_container-id-gsbp-717a492.gspb_container,#gspb_container-id-gsbp-717a492.gspb_container>.gspb_backgroundOverlay,#gspb_image-id-gsbp-83a36b8 img{border-top-left-radius:50px;border-top-right-radius:50px;border-bottom-right-radius:50px;border-bottom-left-radius:50px}#gspb_heading-id-gsbp-f3554b4,#gspb_heading-id-gsbp-f3554b4 .gsap-g-line{text-align:center!important}#gspb_heading-id-gsbp-f3554b4{margin-top:0}#gspb_col-id-gsbp-c03e465.gspb_row__col--6{width:50%}@media (max-width:575.98px){#gspb_col-id-gsbp-c03e465.gspb_row__col--6{width:100%}}body #gspb_col-id-gsbp-c03e465.gspb_row__col--6{display:flex;flex-direction:column;justify-content:flex-end}#gspb_image-id-gsbp-83a36b8{text-align:center}#gspb_image-id-gsbp-83a36b8 img{vertical-align:middle;display:inline-block;box-sizing:border-box;max-width:100%;height:auto}#gspb_heading-id-gsbp-f88c352,#gspb_heading-id-gsbp-f88c352 .gsap-g-line{text-align:center!important}","footnotes":""},"class_list":["post-607","page","type-page","status-publish","hentry"],"blocksy_meta":[],"_links":{"self":[{"href":"http:\/\/crownenglish.pl\/index.php\/wp-json\/wp\/v2\/pages\/607","targetHints":{"allow":["GET"]}}],"collection":[{"href":"http:\/\/crownenglish.pl\/index.php\/wp-json\/wp\/v2\/pages"}],"about":[{"href":"http:\/\/crownenglish.pl\/index.php\/wp-json\/wp\/v2\/types\/page"}],"author":[{"embeddable":true,"href":"http:\/\/crownenglish.pl\/index.php\/wp-json\/wp\/v2\/users\/1"}],"replies":[{"embeddable":true,"href":"http:\/\/crownenglish.pl\/index.php\/wp-json\/wp\/v2\/comments?post=607"}],"version-history":[{"count":17,"href":"http:\/\/crownenglish.pl\/index.php\/wp-json\/wp\/v2\/pages\/607\/revisions"}],"predecessor-version":[{"id":849,"href":"http:\/\/crownenglish.pl\/index.php\/wp-json\/wp\/v2\/pages\/607\/revisions\/849"}],"wp:attachment":[{"href":"http:\/\/crownenglish.pl\/index.php\/wp-json\/wp\/v2\/media?parent=607"}],"curies":[{"name":"wp","href":"https:\/\/api.w.org\/{rel}","templated":true}]}}